{"id":19,"date":"2023-12-08T13:27:53","date_gmt":"2023-12-08T13:27:53","guid":{"rendered":"https:\/\/www.envirobuild.sk\/?page_id=19"},"modified":"2023-12-08T13:30:44","modified_gmt":"2023-12-08T13:30:44","slug":"aktuality","status":"publish","type":"page","link":"https:\/\/www.envirobuild.sk\/?page_id=19","title":{"rendered":"Aktuality"},"content":{"rendered":"\n<div class=\"wp-block-media-text alignwide is-stacked-on-mobile\" style=\"grid-template-columns:52% auto\"><figure class=\"wp-block-media-text__media\"><a href=\"http:\/\/www.envirobuild.sk\/wp-content\/uploads\/2023\/12\/konkurencieschopnost.pdf\"><img loading=\"lazy\" decoding=\"async\" width=\"1024\" height=\"699\" src=\"https:\/\/www.envirobuild.sk\/wp-content\/uploads\/2023\/12\/projekt1-1024x699.jpg\" alt=\"\" class=\"wp-image-20 size-full\" srcset=\"https:\/\/www.envirobuild.sk\/wp-content\/uploads\/2023\/12\/projekt1-1024x699.jpg 1024w, https:\/\/www.envirobuild.sk\/wp-content\/uploads\/2023\/12\/projekt1-300x205.jpg 300w, https:\/\/www.envirobuild.sk\/wp-content\/uploads\/2023\/12\/projekt1-768x524.jpg 768w, https:\/\/www.envirobuild.sk\/wp-content\/uploads\/2023\/12\/projekt1.jpg 1316w\" sizes=\"auto, (max-width: 1024px) 100vw, 1024px\" \/><\/a><\/figure><div class=\"wp-block-media-text__content\">\n<p><strong>Zv\u00fd\u0161enie konkurencieschopnosti spolo\u010dnosti Envirobuild s.r.o.<\/strong><\/p>\n<\/div><\/div>\n","protected":false},"excerpt":{"rendered":"<p>Zv\u00fd\u0161enie konkurencieschopnosti spolo\u010dnosti Envirobuild s.r.o.<\/p>\n","protected":false},"author":1,"featured_media":0,"parent":0,"menu_order":0,"comment_status":"closed","ping_status":"closed","template":"","meta":{"footnotes":""},"class_list":["post-19","page","type-page","status-publish","hentry"],"_links":{"self":[{"href":"https:\/\/www.envirobuild.sk\/index.php?rest_route=\/wp\/v2\/pages\/19","targetHints":{"allow":["GET"]}}],"collection":[{"href":"https:\/\/www.envirobuild.sk\/index.php?rest_route=\/wp\/v2\/pages"}],"about":[{"href":"https:\/\/www.envirobuild.sk\/index.php?rest_route=\/wp\/v2\/types\/page"}],"author":[{"embeddable":true,"href":"https:\/\/www.envirobuild.sk\/index.php?rest_route=\/wp\/v2\/users\/1"}],"replies":[{"embeddable":true,"href":"https:\/\/www.envirobuild.sk\/index.php?rest_route=%2Fwp%2Fv2%2Fcomments&post=19"}],"version-history":[{"count":3,"href":"https:\/\/www.envirobuild.sk\/index.php?rest_route=\/wp\/v2\/pages\/19\/revisions"}],"predecessor-version":[{"id":24,"href":"https:\/\/www.envirobuild.sk\/index.php?rest_route=\/wp\/v2\/pages\/19\/revisions\/24"}],"wp:attachment":[{"href":"https:\/\/www.envirobuild.sk\/index.php?rest_route=%2Fwp%2Fv2%2Fmedia&parent=19"}],"curies":[{"name":"wp","href":"https:\/\/api.w.org\/{rel}","templated":true}]}}